{"id":453,"date":"2023-07-11T13:33:18","date_gmt":"2023-07-11T11:33:18","guid":{"rendered":"https:\/\/www.skalapp.com\/homepage\/"},"modified":"2023-08-16T08:56:20","modified_gmt":"2023-08-16T06:56:20","slug":"hlavni-stranka","status":"publish","type":"page","link":"https:\/\/www.skalapp.com\/cs\/","title":{"rendered":"Hlavn\u00ed str\u00e1nka"},"content":{"rendered":"","protected":false},"excerpt":{"rendered":"","protected":false},"author":1,"featured_media":0,"parent":0,"menu_order":0,"comment_status":"closed","ping_status":"closed","template":"","meta":{"_acf_changed":false,"footnotes":""},"class_list":["post-453","page","type-page","status-publish","hentry"],"acf":[],"yoast_head":"<!-- This site is optimized with the Yoast SEO plugin v27.5 - https:\/\/yoast.com\/product\/yoast-seo-wordpress\/ -->\n<title>Skalapp - V\u00e1\u017een\u00ed v pr\u016fmyslu<\/title>\n<meta name=\"description\" content=\"Pr\u016fmyslov\u00e9 provozy vylep\u0161\u00edte s pokro\u010dil\u00fdmi v\u00e1\u017e\u00edc\u00edmi syst\u00e9my Skalapp pro naklada\u010de, drti\u010de a p\u00e1sov\u00e9 dopravn\u00edky. Vyu\u017eijte snadno pou\u017eitelnou a p\u0159esnou technologii s nekone\u010dn\u00fdm potenci\u00e1lem.\" \/>\n<meta name=\"robots\" content=\"index, follow, max-snippet:-1, max-image-preview:large, max-video-preview:-1\" \/>\n<link rel=\"canonical\" href=\"https:\/\/www.skalapp.com\/cs\/\" \/>\n<meta property=\"og:locale\" content=\"cs_CZ\" \/>\n<meta property=\"og:type\" content=\"article\" \/>\n<meta property=\"og:title\" content=\"Skalapp - V\u00e1\u017een\u00ed v pr\u016fmyslu\" \/>\n<meta property=\"og:description\" content=\"Pr\u016fmyslov\u00e9 provozy vylep\u0161\u00edte s pokro\u010dil\u00fdmi v\u00e1\u017e\u00edc\u00edmi syst\u00e9my Skalapp pro naklada\u010de, drti\u010de a p\u00e1sov\u00e9 dopravn\u00edky. Vyu\u017eijte snadno pou\u017eitelnou a p\u0159esnou technologii s nekone\u010dn\u00fdm potenci\u00e1lem.\" \/>\n<meta property=\"og:url\" content=\"https:\/\/www.skalapp.com\/cs\/\" \/>\n<meta property=\"og:site_name\" content=\"Skalapp\" \/>\n<meta property=\"article:modified_time\" content=\"2023-08-16T06:56:20+00:00\" \/>\n<meta property=\"og:image\" content=\"https:\/\/www.skalapp.com\/wp-content\/uploads\/2023\/07\/skalapp-og.jpg\" \/>\n\t<meta property=\"og:image:width\" content=\"1200\" \/>\n\t<meta property=\"og:image:height\" content=\"630\" \/>\n\t<meta property=\"og:image:type\" content=\"image\/jpeg\" \/>\n<meta name=\"twitter:card\" content=\"summary_large_image\" \/>\n<script type=\"application\/ld+json\" class=\"yoast-schema-graph\">{\"@context\":\"https:\\\/\\\/schema.org\",\"@graph\":[{\"@type\":\"WebPage\",\"@id\":\"https:\\\/\\\/www.skalapp.com\\\/cs\\\/\",\"url\":\"https:\\\/\\\/www.skalapp.com\\\/cs\\\/\",\"name\":\"Skalapp - V\u00e1\u017een\u00ed v pr\u016fmyslu\",\"isPartOf\":{\"@id\":\"https:\\\/\\\/www.skalapp.com\\\/cs\\\/#website\"},\"datePublished\":\"2023-07-11T11:33:18+00:00\",\"dateModified\":\"2023-08-16T06:56:20+00:00\",\"description\":\"Pr\u016fmyslov\u00e9 provozy vylep\u0161\u00edte s pokro\u010dil\u00fdmi v\u00e1\u017e\u00edc\u00edmi syst\u00e9my Skalapp pro naklada\u010de, drti\u010de a p\u00e1sov\u00e9 dopravn\u00edky. Vyu\u017eijte snadno pou\u017eitelnou a p\u0159esnou technologii s nekone\u010dn\u00fdm potenci\u00e1lem.\",\"breadcrumb\":{\"@id\":\"https:\\\/\\\/www.skalapp.com\\\/cs\\\/#breadcrumb\"},\"inLanguage\":\"cs\",\"potentialAction\":[{\"@type\":\"ReadAction\",\"target\":[\"https:\\\/\\\/www.skalapp.com\\\/cs\\\/\"]}]},{\"@type\":\"BreadcrumbList\",\"@id\":\"https:\\\/\\\/www.skalapp.com\\\/cs\\\/#breadcrumb\",\"itemListElement\":[{\"@type\":\"ListItem\",\"position\":1,\"name\":\"Dom\u016f\",\"item\":\"https:\\\/\\\/www.skalapp.com\\\/cs\\\/\"},{\"@type\":\"ListItem\",\"position\":2,\"name\":\"Hlavn\u00ed str\u00e1nka\"}]},{\"@type\":\"WebSite\",\"@id\":\"https:\\\/\\\/www.skalapp.com\\\/cs\\\/#website\",\"url\":\"https:\\\/\\\/www.skalapp.com\\\/cs\\\/\",\"name\":\"Skalapp\",\"description\":\"Weighing without limits!\",\"publisher\":{\"@id\":\"https:\\\/\\\/www.skalapp.com\\\/cs\\\/#organization\"},\"potentialAction\":[{\"@type\":\"SearchAction\",\"target\":{\"@type\":\"EntryPoint\",\"urlTemplate\":\"https:\\\/\\\/www.skalapp.com\\\/cs\\\/?s={search_term_string}\"},\"query-input\":{\"@type\":\"PropertyValueSpecification\",\"valueRequired\":true,\"valueName\":\"search_term_string\"}}],\"inLanguage\":\"cs\"},{\"@type\":\"Organization\",\"@id\":\"https:\\\/\\\/www.skalapp.com\\\/cs\\\/#organization\",\"name\":\"Skalapp\",\"url\":\"https:\\\/\\\/www.skalapp.com\\\/cs\\\/\",\"logo\":{\"@type\":\"ImageObject\",\"inLanguage\":\"cs\",\"@id\":\"https:\\\/\\\/www.skalapp.com\\\/cs\\\/#\\\/schema\\\/logo\\\/image\\\/\",\"url\":\"https:\\\/\\\/www.skalapp.com\\\/wp-content\\\/uploads\\\/2023\\\/07\\\/skalapp-og-1.jpg\",\"contentUrl\":\"https:\\\/\\\/www.skalapp.com\\\/wp-content\\\/uploads\\\/2023\\\/07\\\/skalapp-og-1.jpg\",\"width\":1200,\"height\":630,\"caption\":\"Skalapp\"},\"image\":{\"@id\":\"https:\\\/\\\/www.skalapp.com\\\/cs\\\/#\\\/schema\\\/logo\\\/image\\\/\"}}]}<\/script>\n<!-- \/ Yoast SEO plugin. -->","yoast_head_json":{"title":"Skalapp - V\u00e1\u017een\u00ed v pr\u016fmyslu","description":"Pr\u016fmyslov\u00e9 provozy vylep\u0161\u00edte s pokro\u010dil\u00fdmi v\u00e1\u017e\u00edc\u00edmi syst\u00e9my Skalapp pro naklada\u010de, drti\u010de a p\u00e1sov\u00e9 dopravn\u00edky. Vyu\u017eijte snadno pou\u017eitelnou a p\u0159esnou technologii s nekone\u010dn\u00fdm potenci\u00e1lem.","robots":{"index":"index","follow":"follow","max-snippet":"max-snippet:-1","max-image-preview":"max-image-preview:large","max-video-preview":"max-video-preview:-1"},"canonical":"https:\/\/www.skalapp.com\/cs\/","og_locale":"cs_CZ","og_type":"article","og_title":"Skalapp - V\u00e1\u017een\u00ed v pr\u016fmyslu","og_description":"Pr\u016fmyslov\u00e9 provozy vylep\u0161\u00edte s pokro\u010dil\u00fdmi v\u00e1\u017e\u00edc\u00edmi syst\u00e9my Skalapp pro naklada\u010de, drti\u010de a p\u00e1sov\u00e9 dopravn\u00edky. Vyu\u017eijte snadno pou\u017eitelnou a p\u0159esnou technologii s nekone\u010dn\u00fdm potenci\u00e1lem.","og_url":"https:\/\/www.skalapp.com\/cs\/","og_site_name":"Skalapp","article_modified_time":"2023-08-16T06:56:20+00:00","og_image":[{"width":1200,"height":630,"url":"https:\/\/www.skalapp.com\/wp-content\/uploads\/2023\/07\/skalapp-og.jpg","type":"image\/jpeg"}],"twitter_card":"summary_large_image","schema":{"@context":"https:\/\/schema.org","@graph":[{"@type":"WebPage","@id":"https:\/\/www.skalapp.com\/cs\/","url":"https:\/\/www.skalapp.com\/cs\/","name":"Skalapp - V\u00e1\u017een\u00ed v pr\u016fmyslu","isPartOf":{"@id":"https:\/\/www.skalapp.com\/cs\/#website"},"datePublished":"2023-07-11T11:33:18+00:00","dateModified":"2023-08-16T06:56:20+00:00","description":"Pr\u016fmyslov\u00e9 provozy vylep\u0161\u00edte s pokro\u010dil\u00fdmi v\u00e1\u017e\u00edc\u00edmi syst\u00e9my Skalapp pro naklada\u010de, drti\u010de a p\u00e1sov\u00e9 dopravn\u00edky. Vyu\u017eijte snadno pou\u017eitelnou a p\u0159esnou technologii s nekone\u010dn\u00fdm potenci\u00e1lem.","breadcrumb":{"@id":"https:\/\/www.skalapp.com\/cs\/#breadcrumb"},"inLanguage":"cs","potentialAction":[{"@type":"ReadAction","target":["https:\/\/www.skalapp.com\/cs\/"]}]},{"@type":"BreadcrumbList","@id":"https:\/\/www.skalapp.com\/cs\/#breadcrumb","itemListElement":[{"@type":"ListItem","position":1,"name":"Dom\u016f","item":"https:\/\/www.skalapp.com\/cs\/"},{"@type":"ListItem","position":2,"name":"Hlavn\u00ed str\u00e1nka"}]},{"@type":"WebSite","@id":"https:\/\/www.skalapp.com\/cs\/#website","url":"https:\/\/www.skalapp.com\/cs\/","name":"Skalapp","description":"Weighing without limits!","publisher":{"@id":"https:\/\/www.skalapp.com\/cs\/#organization"},"potentialAction":[{"@type":"SearchAction","target":{"@type":"EntryPoint","urlTemplate":"https:\/\/www.skalapp.com\/cs\/?s={search_term_string}"},"query-input":{"@type":"PropertyValueSpecification","valueRequired":true,"valueName":"search_term_string"}}],"inLanguage":"cs"},{"@type":"Organization","@id":"https:\/\/www.skalapp.com\/cs\/#organization","name":"Skalapp","url":"https:\/\/www.skalapp.com\/cs\/","logo":{"@type":"ImageObject","inLanguage":"cs","@id":"https:\/\/www.skalapp.com\/cs\/#\/schema\/logo\/image\/","url":"https:\/\/www.skalapp.com\/wp-content\/uploads\/2023\/07\/skalapp-og-1.jpg","contentUrl":"https:\/\/www.skalapp.com\/wp-content\/uploads\/2023\/07\/skalapp-og-1.jpg","width":1200,"height":630,"caption":"Skalapp"},"image":{"@id":"https:\/\/www.skalapp.com\/cs\/#\/schema\/logo\/image\/"}}]}},"_links":{"self":[{"href":"https:\/\/www.skalapp.com\/cs\/wp-json\/wp\/v2\/pages\/453","targetHints":{"allow":["GET"]}}],"collection":[{"href":"https:\/\/www.skalapp.com\/cs\/wp-json\/wp\/v2\/pages"}],"about":[{"href":"https:\/\/www.skalapp.com\/cs\/wp-json\/wp\/v2\/types\/page"}],"author":[{"embeddable":true,"href":"https:\/\/www.skalapp.com\/cs\/wp-json\/wp\/v2\/users\/1"}],"replies":[{"embeddable":true,"href":"https:\/\/www.skalapp.com\/cs\/wp-json\/wp\/v2\/comments?post=453"}],"version-history":[{"count":29,"href":"https:\/\/www.skalapp.com\/cs\/wp-json\/wp\/v2\/pages\/453\/revisions"}],"predecessor-version":[{"id":915,"href":"https:\/\/www.skalapp.com\/cs\/wp-json\/wp\/v2\/pages\/453\/revisions\/915"}],"wp:attachment":[{"href":"https:\/\/www.skalapp.com\/cs\/wp-json\/wp\/v2\/media?parent=453"}],"curies":[{"name":"wp","href":"https:\/\/api.w.org\/{rel}","templated":true}]}}